{"id":8057,"date":"2021-05-06T18:39:53","date_gmt":"2021-05-06T15:39:53","guid":{"rendered":"https:\/\/oskad.com\/?page_id=8057"},"modified":"2025-02-14T14:05:27","modified_gmt":"2025-02-14T11:05:27","slug":"en-iyi-mimarlik-ofisi","status":"publish","type":"page","link":"https:\/\/oskad.com\/tr\/en-iyi-mimarlik-ofisi\/","title":{"rendered":"FORM VE YA\u015eAMIN \u0130Z\u0130NDE"},"content":{"rendered":"<div data-elementor-type=\"wp-page\" data-elementor-id=\"8057\" class=\"elementor elementor-8057\">\n\t\t\t\t\t\t<section class=\"elementor-section elementor-top-section elementor-element elementor-element-13e8e654 elementor-section-boxed elementor-section-height-default elementor-section-height-default mkdf-parallax-row-no mkdf-content-aligment-left mkdf-elementor-row-grid-no mkdf-disabled-bg-image-bellow-no\" data-id=\"13e8e654\" data-element_type=\"section\">\n\t\t\t\t\t\t<div class=\"elementor-container elementor-column-gap-default\">\n\t\t\t\t\t<div class=\"elementor-column elementor-col-100 elementor-top-column elementor-element elementor-element-36027b84\" data-id=\"36027b84\" data-element_type=\"column\">\n\t\t\t<div class=\"elementor-widget-wrap elementor-element-populated\">\n\t\t\t\t\t\t<div class=\"elementor-element elementor-element-1dcdc1b3 elementor-widget elementor-widget-text-editor\" data-id=\"1dcdc1b3\" data-element_type=\"widget\" data-widget_type=\"text-editor.default\">\n\t\t\t\t\t\t\t\t\t<p style=\"text-align: center;\">O\u011fuz Kad\u0131o\u011flu <strong>Mimarl\u0131k<\/strong> ve OSKAD \u0130n\u015faat Anonim \u015eirketleri, 2013 y\u0131l\u0131nda Salih O\u011fuz Kad\u0131o\u011flu taraf\u0131ndan, uluslararas\u0131 bir \u015firket olarak yap\u0131lardaki y\u00f6netim ve tasar\u0131m tecr\u00fcbelerinin devam\u0131 niteli\u011finde kuruldu. Profesyonel mimarl\u0131k kariyerine otel, havaalan\u0131 ve b\u00fcy\u00fck metrajl\u0131 projelerin tasar\u0131m\u0131n\u0131 yaparak ba\u015flayan Kad\u0131o\u011flu, zaman i\u00e7erisinde proje ve \u015fantiye y\u00f6netimi konusunda d\u00fcnyaca \u00fcnl\u00fc projelerde yer ald\u0131 ve tecr\u00fcbelerine bu alanda devam ediyor. O\u011fuz Kad\u0131o\u011flu <strong>Mimarl\u0131k<\/strong> ve OSKAD \u0130n\u015faat Anonim \u015eirketleri olarak, ba\u015fta Azerbaycan olmak \u00fczere Karada\u011f, Almanya ve T\u00fcrkiye gibi d\u00fcnyan\u0131n farkl\u0131 \u00fclkelerinde \u00e7al\u0131\u015fmalar\u0131m\u0131za h\u0131zla devam ediyor ve b\u00fcy\u00fcyoruz.<\/p><p style=\"text-align: center;\"><a href=\"https:\/\/oskad.com\/tr\/about-us\/\"><strong>En iyi mimarl\u0131k firmalar\u0131ndan<\/strong><\/a> biri olarak uluslararas\u0131 platformda kendi becerilerimizi ve rekabet g\u00fcc\u00fcm\u00fcz\u00fc art\u0131r\u0131yoruz. Modern y\u00f6netim anlay\u0131\u015f\u0131m\u0131z ve y\u00fcksek nitelikli, dinamik ekibimiz ile mimari tasar\u0131m ve in\u015faat yap\u0131m s\u00fcrecine \u00f6nc\u00fcl\u00fck etmeyi ve yeni bir vizyon getirmeyi hedefliyoruz. Bu do\u011frultuda kurulu\u015fumuzdan bu zamana kadar bir\u00e7ok projenin hem tasar\u0131m\u0131n\u0131 hem de in\u015faat\u0131n her a\u015famas\u0131n\u0131 ba\u015far\u0131 ve takdir ile tamaml\u0131yoruz. G\u00fcn\u00fcm\u00fcz in\u015faat d\u00fcnyas\u0131 daha da rekabet\u00e7i bir y\u00f6ne do\u011fru evriliyor. Maliyet, zaman ve kalite her zaman ki \u00f6nemini korumakla birlikte, teknoloji hayat\u0131n her alan\u0131na y\u00f6n verdi\u011fi gibi tasar\u0131m ve in\u015faat d\u00fcnyas\u0131na da y\u00f6n veriyor. Bu nedenle nitelikli ve s\u00fcrd\u00fcr\u00fclebilir olmak, mutlak vizyon ve dinamik bir yap\u0131 gerektiriyor. Bizler de sistem ve organizasyon yap\u0131m\u0131z\u0131 her g\u00fcn geli\u015ftirerek, her t\u00fcrl\u00fc teknoloji ve modern y\u00f6netim tekniklerinden daha fazla yararlan\u0131yoruz.<\/p><p style=\"text-align: center;\"><strong>Proje tasar\u0131m\u0131<\/strong> ve in\u015faat, uzun ve yo\u011fun emekli bir s\u00fcre\u00e7. \u0130\u015f verenler, i\u015f ortaklar\u0131, tedarik\u00e7iler ve \u00e7evre ile en y\u00fcksek mesleki ve ahlaki etik standard\u0131, ba\u015ftan sona kadar sa\u011flayarak ilerlemek misyonumuzdur. \u0130\u015f verenlerin ihtiya\u00e7lar\u0131n\u0131 ve beklentilerini en y\u00fcksek seviyede kar\u015f\u0131lamak i\u00e7in deneyimlerimize g\u00fcveniyoruz.<\/p><p style=\"text-align: center;\">Belirlenen programa ba\u011fl\u0131 kalarak, hedeflenen b\u00fct\u00e7eler dahilinde ola\u011fan\u00fcst\u00fc kalite sunmak i\u00e7in aral\u0131ks\u0131z \u00e7al\u0131\u015f\u0131yoruz. G\u00fcven, Sayg\u0131 ve Do\u011fruluk \u00fczerine geli\u015ftirdi\u011fimiz ili\u015fkiler, s\u00fcreklili\u011fimizin temel ta\u015flar\u0131n\u0131 olu\u015fturuyor.<\/p><p><img fetchpriority=\"high\" decoding=\"async\" class=\"alignleft wp-image-7638 size-full\" src=\"https:\/\/oskad.com\/wp-content\/uploads\/2021\/01\/ekip_480.jpg\" alt=\"en iyi in\u015faat \u015firketi\" width=\"480\" height=\"318\" \/><\/p><p style=\"text-align: left;\">O\u011fuz Kad\u0131o\u011flu <strong>Mimarl\u0131k<\/strong> ve OSKAD \u0130n\u015faat Anonim \u015eirketleri, uzun y\u0131llar edinmi\u015f oldu\u011fu tecr\u00fcbelerine ve kurumsal marka de\u011ferine g\u00fcvenerek, i\u015fverenlerin ihtiya\u00e7lar\u0131na uygun \u00e7\u00f6z\u00fcmler \u00fcretmek, yenilik\u00e7i bak\u0131\u015f a\u00e7\u0131s\u0131 ile sekt\u00f6r hedeflerini daha yukar\u0131 ta\u015f\u0131mak i\u00e7in kuruldu. Hedeflerinden \u015fa\u015fmadan, tek tek t\u00fcm <strong>proje tasar\u0131mlar\u0131nda<\/strong> ve imalatlardaki s\u00fcre\u00e7leri \u00e7\u00f6z\u00fcmc\u00fc ve zamana uygun metotlar ile takip ederek m\u00fckemmel sonuca ula\u015fmak i\u00e7in yolumuzda ilerliyoruz. Uzun bir s\u00fcredir hem tasar\u0131m hem de in\u015faat \u00e7al\u0131\u015fmalar\u0131m\u0131zda i\u015fverenlerimize kusursuz, kesintisiz ve y\u00fcksek kalitede hizmet veriyoruz.<\/p><p style=\"text-align: left;\">Firmam\u0131z, dinamik yap\u0131s\u0131, yarat\u0131c\u0131 ve tecr\u00fcbeli kadrosu ile \u00e7ok k\u0131sa s\u00fcrede, fark edilen ve sayg\u0131 kazanan \u00f6nemli bir marka olarak sekt\u00f6rde yerini alm\u0131\u015ft\u0131r. D\u00fcnyan\u0131n farkl\u0131 co\u011frafyalar\u0131ndaki en \u00f6zel projelerde \u00e7ok b\u00fcy\u00fck organizasyonlar\u0131 \u00fcstlenen <a href=\"https:\/\/oskad.com\/tr\/projects\/\"><strong>en iyi in\u015faat \u015firketi<\/strong><\/a> OSKAD, i\u015fverenlerin ihtiya\u00e7lar\u0131na g\u00f6re optimum tasar\u0131mlar, m\u00fchendisli\u011fin sa\u011flad\u0131\u011f\u0131 en faydal\u0131 \u00fcretimler ve yat\u0131r\u0131mlar\u0131n en ba\u015f\u0131ndan sonuna kadar m\u00fchendislik, <strong>proje tasar\u0131m\u0131<\/strong>, i\u015fletme konular\u0131nda dan\u0131\u015fmanl\u0131k gibi bir\u00e7ok konu ve alanda hizmet veren bir markad\u0131r. OSKAD olarak her ge\u00e7en g\u00fcn yurt i\u00e7i ve yurt d\u0131\u015f\u0131 projeler ile portf\u00f6y\u00fcm\u00fcz\u00fc ve faaliyet alanlar\u0131m\u0131z\u0131 geni\u015fletiyoruz. B\u00fcy\u00fck emek vererek ve uzun zaman harcayarak edindi\u011fimiz i\u015f yapma becerimizi geli\u015ftirerek, daha iyisini yapmak i\u00e7in \u00e7al\u0131\u015fmaya devam ediyoruz. Biz maddenin sahip oldu\u011fu form d\u0131\u015f\u0131nda onlar\u0131 sonsuz varyasyon i\u00e7erisinde yo\u011furarak ve yorumlayarak fonksiyonuna tam hizmet eden yeni eserler in\u015fa etmeyi geli\u015fime ve gelece\u011fe katk\u0131 olarak g\u00f6r\u00fcyoruz.<\/p><p style=\"text-align: left;\">G\u00fcvenilir ortak olmak, uzun vadeli bir yat\u0131r\u0131md\u0131r. Biz, bu ba\u015far\u0131y\u0131 k\u0131sa bir zamanda ba\u015fard\u0131k. Ekibimiz, i\u015f ortaklar\u0131m\u0131z ve tedarik\u00e7ilerimizle birlikte \u00e7al\u0131\u015farak bir sinerji olu\u015fturuyoruz. Yapt\u0131\u011f\u0131m\u0131z her \u015feyi en y\u00fcksek standartlarda, s\u0131n\u0131rlar\u0131n \u00f6tesinde, profesyonel ve etik bir \u015fekilde ger\u00e7ekle\u015ftiriyoruz. \u0130\u015fveren ihtiya\u00e7lar\u0131n\u0131 ve beklentilerini \u00e7ok iyi analiz ediyoruz. \u0130\u015fverenlerimizin b\u00fct\u00e7eleri dahilinde, zaman\u0131nda ve ola\u011fan\u00fcst\u00fc kalitede projeler sunuyoruz.<\/p><p style=\"text-align: left;\">T\u00fcm <strong>tasar\u0131m projelerimizde<\/strong> yenilik, m\u00fckemmellik, h\u0131z ve \u00fcst d\u00fczey kaliteyi taahh\u00fct ediyoruz. En y\u00fcksek standartlar\u0131 sa\u011flamak i\u00e7in detaylar\u0131 \u00f6nemsiyoruz. S\u00fcrekli de\u011fi\u015fen sekt\u00f6r\u00fc takip edip, biz de onunla beraber de\u011fi\u015fiyoruz. \u015eirket i\u00e7i ve \u015firket d\u0131\u015f\u0131 e\u011fitimler sayesinde, bu de\u011fi\u015fikliklere uyum sa\u011fl\u0131yoruz. Uzun vadeli ba\u015far\u0131m\u0131z\u0131, temel gerekliliklerimiz olan bu e\u011fitimlerin sa\u011flayaca\u011f\u0131n\u0131 biliyoruz.<\/p><p style=\"text-align: left;\">Modern teknolojinin t\u00fcm imk\u00e2nlar\u0131n\u0131, kusursuz bir i\u015f\u00e7ilik ve ayr\u0131nt\u0131 ile ta\u00e7land\u0131r\u0131yoruz. Projelerimizde tamamen \u00e7ok \u00f6zel somut nesneler yaratmaya odaklanarak, ilham veren eserler in\u015fa ediyoruz. Mimarinin, hayata ne kadar b\u00fcy\u00fck etkisi oldu\u011funun fark\u0131nday\u0131z.<\/p><p style=\"text-align: left;\">OSKAD ailesi olarak vizyonumuzu betimleyen, bizi \u00f6zel yapan, bak\u0131\u015f a\u00e7\u0131m\u0131z\u0131 ortaya koyan, bizi biz yapan: \u201cForm ve Ya\u015fam\u201d d\u0131r.<\/p>\t\t\t\t\t\t\t\t<\/div>\n\t\t\t\t\t<\/div>\n\t\t<\/div>\n\t\t\t\t\t<\/div>\n\t\t<\/section>\n\t\t\t\t<\/div>","protected":false},"excerpt":{"rendered":"<p>O\u011fuz Kad\u0131o\u011flu Mimarl\u0131k ve OSKAD \u0130n\u015faat Anonim \u015eirketleri 2013 y\u0131l\u0131nda Salih O\u011fuz Kad\u0131o\u011flu taraf\u0131ndan, \nuluslararas\u0131 bir \u015firket olarak yap\u0131lardaki y\u00f6netim ve tasar\u0131m tecr\u00fcbelerinin devam\u0131 niteli\u011finde kuruldu.<\/p>","protected":false},"author":1,"featured_media":7349,"parent":0,"menu_order":0,"comment_status":"closed","ping_status":"closed","template":"","meta":{"ngg_post_thumbnail":0,"footnotes":""},"class_list":["post-8057","page","type-page","status-publish","has-post-thumbnail","hentry"],"rankMath":{"parentDomain":"oskad.com","noFollowDomains":[],"noFollowExcludeDomains":[],"noFollowExternalLinks":true,"featuredImageNotice":"\u00d6ne \u00e7\u0131kan g\u00f6rsel, Facebook ve di\u011fer sosyal medya siteleri taraf\u0131ndan al\u0131nabilmesi i\u00e7in en az 200 x 200 piksel olmal\u0131d\u0131r.","pluginReviewed":false,"postSettings":{"linkSuggestions":true,"useFocusKeyword":false},"frontEndScore":false,"postName":"en-iyi-mimarlik-ofisi","permalinkFormat":"https:\/\/oskad.com\/tr\/%pagename%\/","showLockModifiedDate":true,"assessor":{"focusKeywordLink":"https:\/\/oskad.com\/wp-admin\/edit.php?focus_keyword=%focus_keyword%&post_type=%post_type%","hasTOCPlugin":false,"primaryTaxonomy":false,"serpData":{"title":"","description":"","focusKeywords":"en iyi mimarl\u0131k ofisi","pillarContent":false,"canonicalUrl":"","breadcrumbTitle":"","advancedRobots":{"max-snippet":"-1","max-video-preview":"-1","max-image-preview":"large"},"facebookTitle":"","facebookDescription":"","facebookImage":"","facebookImageID":"","facebookHasOverlay":false,"facebookImageOverlay":"play","facebookAuthor":"","twitterCardType":"summary_large_image","twitterUseFacebook":true,"twitterTitle":"","twitterDescription":"","twitterImage":"","twitterImageID":"","twitterHasOverlay":false,"twitterImageOverlay":"play","twitterPlayerUrl":"","twitterPlayerSize":"","twitterPlayerStream":"","twitterPlayerStreamCtype":"","twitterAppDescription":"","twitterAppIphoneName":"","twitterAppIphoneID":"","twitterAppIphoneUrl":"","twitterAppIpadName":"","twitterAppIpadID":"","twitterAppIpadUrl":"","twitterAppGoogleplayName":"","twitterAppGoogleplayID":"","twitterAppGoogleplayUrl":"","twitterAppCountry":"","robots":{"index":true},"twitterAuthor":"kullan\u0131c\u0131 ad\u0131","primaryTerm":0,"authorName":"Oskad","titleTemplate":"%title% %sep% %sitename%","descriptionTemplate":"%excerpt%","showScoreFrontend":true,"lockModifiedDate":false},"powerWords":[],"diacritics":{"A":"[\\u0041\\u24B6\\uFF21\\u00C0\\u00C1\\u00C2\\u1EA6\\u1EA4\\u1EAA\\u1EA8\\u00C3\\u0100\\u0102\\u1EB0\\u1EAE\\u1EB4\\u1EB2\\u0226\\u01E0\\u00C4\\u01DE\\u1EA2\\u00C5\\u01FA\\u01CD\\u0200\\u0202\\u1EA0\\u1EAC\\u1EB6\\u1E00\\u0104\\u023A\\u2C6F]","AA":"[\\uA732]","AE":"[\\u00C6\\u01FC\\u01E2]","AO":"[\\uA734]","AU":"[\\uA736]","AV":"[\\uA738\\uA73A]","AY":"[\\uA73C]","B":"[\\u0042\\u24B7\\uFF22\\u1E02\\u1E04\\u1E06\\u0243\\u0182\\u0181]","C":"[\\u0043\\u24B8\\uFF23\\u0106\\u0108\\u010A\\u010C\\u00C7\\u1E08\\u0187\\u023B\\uA73E]","D":"[\\u0044\\u24B9\\uFF24\\u1E0A\\u010E\\u1E0C\\u1E10\\u1E12\\u1E0E\\u0110\\u018B\\u018A\\u0189\\uA779]","DZ":"[\\u01F1\\u01C4]","Dz":"[\\u01F2\\u01C5]","E":"[\\u0045\\u24BA\\uFF25\\u00C8\\u00C9\\u00CA\\u1EC0\\u1EBE\\u1EC4\\u1EC2\\u1EBC\\u0112\\u1E14\\u1E16\\u0114\\u0116\\u00CB\\u1EBA\\u011A\\u0204\\u0206\\u1EB8\\u1EC6\\u0228\\u1E1C\\u0118\\u1E18\\u1E1A\\u0190\\u018E]","F":"[\\u0046\\u24BB\\uFF26\\u1E1E\\u0191\\uA77B]","G":"[\\u0047\\u24BC\\uFF27\\u01F4\\u011C\\u1E20\\u011E\\u0120\\u01E6\\u0122\\u01E4\\u0193\\uA7A0\\uA77D\\uA77E]","H":"[\\u0048\\u24BD\\uFF28\\u0124\\u1E22\\u1E26\\u021E\\u1E24\\u1E28\\u1E2A\\u0126\\u2C67\\u2C75\\uA78D]","I":"[\\u0049\\u24BE\\uFF29\\u00CC\\u00CD\\u00CE\\u0128\\u012A\\u012C\\u0130\\u00CF\\u1E2E\\u1EC8\\u01CF\\u0208\\u020A\\u1ECA\\u012E\\u1E2C\\u0197]","J":"[\\u004A\\u24BF\\uFF2A\\u0134\\u0248]","K":"[\\u004B\\u24C0\\uFF2B\\u1E30\\u01E8\\u1E32\\u0136\\u1E34\\u0198\\u2C69\\uA740\\uA742\\uA744\\uA7A2]","L":"[\\u004C\\u24C1\\uFF2C\\u013F\\u0139\\u013D\\u1E36\\u1E38\\u013B\\u1E3C\\u1E3A\\u0141\\u023D\\u2C62\\u2C60\\uA748\\uA746\\uA780]","LJ":"[\\u01C7]","Lj":"[\\u01C8]","M":"[\\u004D\\u24C2\\uFF2D\\u1E3E\\u1E40\\u1E42\\u2C6E\\u019C]","N":"[\\u004E\\u24C3\\uFF2E\\u01F8\\u0143\\u00D1\\u1E44\\u0147\\u1E46\\u0145\\u1E4A\\u1E48\\u0220\\u019D\\uA790\\uA7A4]","NJ":"[\\u01CA]","Nj":"[\\u01CB]","O":"[\\u004F\\u24C4\\uFF2F\\u00D2\\u00D3\\u00D4\\u1ED2\\u1ED0\\u1ED6\\u1ED4\\u00D5\\u1E4C\\u022C\\u1E4E\\u014C\\u1E50\\u1E52\\u014E\\u022E\\u0230\\u00D6\\u022A\\u1ECE\\u0150\\u01D1\\u020C\\u020E\\u01A0\\u1EDC\\u1EDA\\u1EE0\\u1EDE\\u1EE2\\u1ECC\\u1ED8\\u01EA\\u01EC\\u00D8\\u01FE\\u0186\\u019F\\uA74A\\uA74C]","OI":"[\\u01A2]","OO":"[\\uA74E]","OU":"[\\u0222]","P":"[\\u0050\\u24C5\\uFF30\\u1E54\\u1E56\\u01A4\\u2C63\\uA750\\uA752\\uA754]","Q":"[\\u0051\\u24C6\\uFF31\\uA756\\uA758\\u024A]","R":"[\\u0052\\u24C7\\uFF32\\u0154\\u1E58\\u0158\\u0210\\u0212\\u1E5A\\u1E5C\\u0156\\u1E5E\\u024C\\u2C64\\uA75A\\uA7A6\\uA782]","S":"[\\u0053\\u24C8\\uFF33\\u1E9E\\u015A\\u1E64\\u015C\\u1E60\\u0160\\u1E66\\u1E62\\u1E68\\u0218\\u015E\\u2C7E\\uA7A8\\uA784]","T":"[\\u0054\\u24C9\\uFF34\\u1E6A\\u0164\\u1E6C\\u021A\\u0162\\u1E70\\u1E6E\\u0166\\u01AC\\u01AE\\u023E\\uA786]","TZ":"[\\uA728]","U":"[\\u0055\\u24CA\\uFF35\\u00D9\\u00DA\\u00DB\\u0168\\u1E78\\u016A\\u1E7A\\u016C\\u00DC\\u01DB\\u01D7\\u01D5\\u01D9\\u1EE6\\u016E\\u0170\\u01D3\\u0214\\u0216\\u01AF\\u1EEA\\u1EE8\\u1EEE\\u1EEC\\u1EF0\\u1EE4\\u1E72\\u0172\\u1E76\\u1E74\\u0244]","V":"[\\u0056\\u24CB\\uFF36\\u1E7C\\u1E7E\\u01B2\\uA75E\\u0245]","VY":"[\\uA760]","W":"[\\u0057\\u24CC\\uFF37\\u1E80\\u1E82\\u0174\\u1E86\\u1E84\\u1E88\\u2C72]","X":"[\\u0058\\u24CD\\uFF38\\u1E8A\\u1E8C]","Y":"[\\u0059\\u24CE\\uFF39\\u1EF2\\u00DD\\u0176\\u1EF8\\u0232\\u1E8E\\u0178\\u1EF6\\u1EF4\\u01B3\\u024E\\u1EFE]","Z":"[\\u005A\\u24CF\\uFF3A\\u0179\\u1E90\\u017B\\u017D\\u1E92\\u1E94\\u01B5\\u0224\\u2C7F\\u2C6B\\uA762]","a":"[\\u0061\\u24D0\\uFF41\\u1E9A\\u00E0\\u00E1\\u00E2\\u1EA7\\u1EA5\\u1EAB\\u1EA9\\u00E3\\u0101\\u0103\\u1EB1\\u1EAF\\u1EB5\\u1EB3\\u0227\\u01E1\\u00E4\\u01DF\\u1EA3\\u00E5\\u01FB\\u01CE\\u0201\\u0203\\u1EA1\\u1EAD\\u1EB7\\u1E01\\u0105\\u2C65\\u0250]","aa":"[\\uA733]","ae":"[\\u00E6\\u01FD\\u01E3]","ao":"[\\uA735]","au":"[\\uA737]","av":"[\\uA739\\uA73B]","ay":"[\\uA73D]","b":"[\\u0062\\u24D1\\uFF42\\u1E03\\u1E05\\u1E07\\u0180\\u0183\\u0253]","c":"[\\u0063\\u24D2\\uFF43\\u0107\\u0109\\u010B\\u010D\\u00E7\\u1E09\\u0188\\u023C\\uA73F\\u2184]","d":"[\\u0064\\u24D3\\uFF44\\u1E0B\\u010F\\u1E0D\\u1E11\\u1E13\\u1E0F\\u0111\\u018C\\u0256\\u0257\\uA77A]","dz":"[\\u01F3\\u01C6]","e":"[\\u0065\\u24D4\\uFF45\\u00E8\\u00E9\\u00EA\\u1EC1\\u1EBF\\u1EC5\\u1EC3\\u1EBD\\u0113\\u1E15\\u1E17\\u0115\\u0117\\u00EB\\u1EBB\\u011B\\u0205\\u0207\\u1EB9\\u1EC7\\u0229\\u1E1D\\u0119\\u1E19\\u1E1B\\u0247\\u025B\\u01DD]","f":"[\\u0066\\u24D5\\uFF46\\u1E1F\\u0192\\uA77C]","g":"[\\u0067\\u24D6\\uFF47\\u01F5\\u011D\\u1E21\\u011F\\u0121\\u01E7\\u0123\\u01E5\\u0260\\uA7A1\\u1D79\\uA77F]","h":"[\\u0068\\u24D7\\uFF48\\u0125\\u1E23\\u1E27\\u021F\\u1E25\\u1E29\\u1E2B\\u1E96\\u0127\\u2C68\\u2C76\\u0265]","hv":"[\\u0195]","i":"[\\u0069\\u24D8\\uFF49\\u00EC\\u00ED\\u00EE\\u0129\\u012B\\u012D\\u00EF\\u1E2F\\u1EC9\\u01D0\\u0209\\u020B\\u1ECB\\u012F\\u1E2D\\u0268\\u0131]","j":"[\\u006A\\u24D9\\uFF4A\\u0135\\u01F0\\u0249]","k":"[\\u006B\\u24DA\\uFF4B\\u1E31\\u01E9\\u1E33\\u0137\\u1E35\\u0199\\u2C6A\\uA741\\uA743\\uA745\\uA7A3]","l":"[\\u006C\\u24DB\\uFF4C\\u0140\\u013A\\u013E\\u1E37\\u1E39\\u013C\\u1E3D\\u1E3B\\u017F\\u0142\\u019A\\u026B\\u2C61\\uA749\\uA781\\uA747]","lj":"[\\u01C9]","m":"[\\u006D\\u24DC\\uFF4D\\u1E3F\\u1E41\\u1E43\\u0271\\u026F]","n":"[\\u006E\\u24DD\\uFF4E\\u01F9\\u0144\\u00F1\\u1E45\\u0148\\u1E47\\u0146\\u1E4B\\u1E49\\u019E\\u0272\\u0149\\uA791\\uA7A5]","nj":"[\\u01CC]","o":"[\\u006F\\u24DE\\uFF4F\\u00F2\\u00F3\\u00F4\\u1ED3\\u1ED1\\u1ED7\\u1ED5\\u00F5\\u1E4D\\u022D\\u1E4F\\u014D\\u1E51\\u1E53\\u014F\\u022F\\u0231\\u00F6\\u022B\\u1ECF\\u0151\\u01D2\\u020D\\u020F\\u01A1\\u1EDD\\u1EDB\\u1EE1\\u1EDF\\u1EE3\\u1ECD\\u1ED9\\u01EB\\u01ED\\u00F8\\u01FF\\u0254\\uA74B\\uA74D\\u0275]","oi":"[\\u01A3]","ou":"[\\u0223]","oo":"[\\uA74F]","p":"[\\u0070\\u24DF\\uFF50\\u1E55\\u1E57\\u01A5\\u1D7D\\uA751\\uA753\\uA755]","q":"[\\u0071\\u24E0\\uFF51\\u024B\\uA757\\uA759]","r":"[\\u0072\\u24E1\\uFF52\\u0155\\u1E59\\u0159\\u0211\\u0213\\u1E5B\\u1E5D\\u0157\\u1E5F\\u024D\\u027D\\uA75B\\uA7A7\\uA783]","s":"[\\u0073\\u24E2\\uFF53\\u015B\\u1E65\\u015D\\u1E61\\u0161\\u1E67\\u1E63\\u1E69\\u0219\\u015F\\u023F\\uA7A9\\uA785\\u1E9B]","ss":"[\\u00DF]","t":"[\\u0074\\u24E3\\uFF54\\u1E6B\\u1E97\\u0165\\u1E6D\\u021B\\u0163\\u1E71\\u1E6F\\u0167\\u01AD\\u0288\\u2C66\\uA787]","tz":"[\\uA729]","u":"[\\u0075\\u24E4\\uFF55\\u00F9\\u00FA\\u00FB\\u0169\\u1E79\\u016B\\u1E7B\\u016D\\u00FC\\u01DC\\u01D8\\u01D6\\u01DA\\u1EE7\\u016F\\u0171\\u01D4\\u0215\\u0217\\u01B0\\u1EEB\\u1EE9\\u1EEF\\u1EED\\u1EF1\\u1EE5\\u1E73\\u0173\\u1E77\\u1E75\\u0289]","v":"[\\u0076\\u24E5\\uFF56\\u1E7D\\u1E7F\\u028B\\uA75F\\u028C]","vy":"[\\uA761]","w":"[\\u0077\\u24E6\\uFF57\\u1E81\\u1E83\\u0175\\u1E87\\u1E85\\u1E98\\u1E89\\u2C73]","x":"[\\u0078\\u24E7\\uFF58\\u1E8B\\u1E8D]","y":"[\\u0079\\u24E8\\uFF59\\u1EF3\\u00FD\\u0177\\u1EF9\\u0233\\u1E8F\\u00FF\\u1EF7\\u1E99\\u1EF5\\u01B4\\u024F\\u1EFF]","z":"[\\u007A\\u24E9\\uFF5A\\u017A\\u1E91\\u017C\\u017E\\u1E93\\u1E95\\u01B6\\u0225\\u0240\\u2C6C\\uA763]"},"researchesTests":["contentHasTOC","contentHasShortParagraphs","contentHasAssets","keywordInTitle","keywordInMetaDescription","keywordInPermalink","keywordIn10Percent","keywordInContent","keywordInSubheadings","keywordInImageAlt","keywordDensity","keywordNotUsed","lengthContent","lengthPermalink","linksHasInternal","linksHasExternals","linksNotAllExternals","titleStartWithKeyword","titleSentiment","titleHasPowerWords","titleHasNumber","hasContentAI"],"hasRedirection":true,"hasBreadcrumb":false},"homeUrl":"https:\/\/oskad.com\/tr","objectID":8057,"objectType":"post","locale":"tr","localeFull":"tr_TR","overlayImages":{"play":{"name":"Oynatma simgesi","url":"https:\/\/oskad.com\/wp-content\/plugins\/seo-by-rank-math\/assets\/admin\/img\/icon-play.png","path":"\/home\/u820611468\/domains\/oskad.com\/public_html\/wp-content\/plugins\/seo-by-rank-math\/assets\/admin\/img\/icon-play.png","position":"middle_center"},"gif":{"name":"GIF simgesi","url":"https:\/\/oskad.com\/wp-content\/plugins\/seo-by-rank-math\/assets\/admin\/img\/icon-gif.png","path":"\/home\/u820611468\/domains\/oskad.com\/public_html\/wp-content\/plugins\/seo-by-rank-math\/assets\/admin\/img\/icon-gif.png","position":"middle_center"}},"defautOgImage":"https:\/\/oskad.com\/wp-content\/plugins\/seo-by-rank-math\/assets\/admin\/img\/social-placeholder.jpg","customPermalinks":true,"isUserRegistered":true,"autoSuggestKeywords":true,"connectSiteUrl":"https:\/\/rankmath.com\/auth?site=https%3A%2F%2Foskad.com%2Ftr&r=https%3A%2F%2Foskad.com%2Ftr%2Fwp-json%2Fwp%2Fv2%2Fpages%2F8057%3Fnonce%3D1265632a3b&pro=1","maxTags":100,"trendsIcon":"<svg viewBox=\"0 0 610 610\"><path d=\"M18.85,446,174.32,290.48l58.08,58.08L76.93,504a14.54,14.54,0,0,1-20.55,0L18.83,466.48a14.54,14.54,0,0,1,0-20.55Z\" style=\"fill:#4285f4\"\/><path d=\"M242.65,242.66,377.59,377.6l-47.75,47.75a14.54,14.54,0,0,1-20.55,0L174.37,290.43l47.75-47.75A14.52,14.52,0,0,1,242.65,242.66Z\" style=\"fill:#ea4335\"\/><polygon points=\"319.53 319.53 479.26 159.8 537.34 217.88 377.61 377.62 319.53 319.53\" style=\"fill:#fabb05\"\/><path d=\"M594.26,262.73V118.61h0a16.94,16.94,0,0,0-16.94-16.94H433.2a16.94,16.94,0,0,0-12,28.92L565.34,274.71h0a16.94,16.94,0,0,0,28.92-12Z\" style=\"fill:#34a853\"\/><rect width=\"610\" height=\"610\" style=\"fill:none\"\/><\/svg>","showScore":true,"siteFavIcon":"https:\/\/oskad.com\/wp-content\/uploads\/2022\/06\/cropped-Favicon-1-32x32.png","canUser":{"general":false,"advanced":false,"snippet":false,"social":false,"analysis":false,"analytics":false,"content_ai":false},"showKeywordIntent":true,"isPro":true,"is_front_page":false,"trendsUpgradeLink":"https:\/\/rankmath.com\/pricing\/?utm_source=Plugin&utm_medium=CE%20General%20Tab%20Trends&utm_campaign=WP","trendsUpgradeLabel":"Y\u00fckseltin","trendsPreviewImage":"https:\/\/oskad.com\/wp-content\/plugins\/seo-by-rank-math\/assets\/admin\/img\/trends-preview.jpg","currentEditor":false,"homepageData":{"assessor":{"powerWords":[],"diacritics":true,"researchesTests":["contentHasTOC","contentHasShortParagraphs","contentHasAssets","keywordInTitle","keywordInMetaDescription","keywordInPermalink","keywordIn10Percent","keywordInContent","keywordInSubheadings","keywordInImageAlt","keywordDensity","keywordNotUsed","lengthContent","lengthPermalink","linksHasInternal","linksHasExternals","linksNotAllExternals","titleStartWithKeyword","titleSentiment","titleHasPowerWords","titleHasNumber","hasContentAI"],"hasBreadcrumb":false,"serpData":{"title":"%sitename% %page% %sep% %sitedesc%","description":"","titleTemplate":"%sitename% %page% %sep% %sitedesc%","descriptionTemplate":"","focusKeywords":"","breadcrumbTitle":"Home","robots":{"index":true},"advancedRobots":[],"facebookTitle":"","facebookDescription":"","facebookImage":"","facebookImageID":""}}},"searchIntents":[],"isAnalyticsConnected":true,"tocTitle":"Table of Contents","tocExcludeHeadings":["h1"],"listStyle":"ul"},"_links":{"self":[{"href":"https:\/\/oskad.com\/tr\/wp-json\/wp\/v2\/pages\/8057","targetHints":{"allow":["GET"]}}],"collection":[{"href":"https:\/\/oskad.com\/tr\/wp-json\/wp\/v2\/pages"}],"about":[{"href":"https:\/\/oskad.com\/tr\/wp-json\/wp\/v2\/types\/page"}],"author":[{"embeddable":true,"href":"https:\/\/oskad.com\/tr\/wp-json\/wp\/v2\/users\/1"}],"replies":[{"embeddable":true,"href":"https:\/\/oskad.com\/tr\/wp-json\/wp\/v2\/comments?post=8057"}],"version-history":[{"count":0,"href":"https:\/\/oskad.com\/tr\/wp-json\/wp\/v2\/pages\/8057\/revisions"}],"wp:featuredmedia":[{"embeddable":true,"href":"https:\/\/oskad.com\/tr\/wp-json\/wp\/v2\/media\/7349"}],"wp:attachment":[{"href":"https:\/\/oskad.com\/tr\/wp-json\/wp\/v2\/media?parent=8057"}],"curies":[{"name":"wp","href":"https:\/\/api.w.org\/{rel}","templated":true}]}}